{"id":851,"date":"2020-09-28T01:52:19","date_gmt":"2020-09-28T01:52:19","guid":{"rendered":"https:\/\/capscribe.ca\/3.0\/?page_id=851"},"modified":"2020-09-28T02:04:39","modified_gmt":"2020-09-28T02:04:39","slug":"contactez-nous","status":"publish","type":"page","link":"https:\/\/capscribe.ca\/3.0\/fr\/welcome-to-capscribe-2-francais\/contactez-nous\/","title":{"rendered":"Contactez-nous"},"content":{"rendered":"<div class=\"wpforms-container wpforms-container-full wpforms-block\" id=\"wpforms-855\"><form id=\"wpforms-form-855\" class=\"wpforms-validate wpforms-form\" data-formid=\"855\" method=\"post\" enctype=\"multipart\/form-data\" action=\"\/3.0\/wp-json\/wp\/v2\/pages\/851\" data-token=\"5619bcb4dc7f364d558d9c23c607bbec\" data-token-time=\"1775694765\"><noscript class=\"wpforms-error-noscript\">Please enable JavaScript in your browser to complete this form.<\/noscript><div class=\"wpforms-field-container\"><div id=\"wpforms-855-field_0-container\" class=\"wpforms-field wpforms-field-name\" data-field-id=\"0\"><label class=\"wpforms-field-label\" for=\"wpforms-855-field_0\">Votre nom <span class=\"wpforms-required-label\">*<\/span><\/label><div class=\"wpforms-field-row wpforms-field-large\"><div class=\"wpforms-field-row-block wpforms-first wpforms-one-half\"><input type=\"text\" id=\"wpforms-855-field_0\" class=\"wpforms-field-name-first wpforms-field-required\" name=\"wpforms[fields][0][first]\" placeholder=\"Pr\u00e9nom\" required><label for=\"wpforms-855-field_0\" class=\"wpforms-field-sublabel after wpforms-sublabel-hide\">First<\/label><\/div><div class=\"wpforms-field-row-block wpforms-one-half\"><input type=\"text\" id=\"wpforms-855-field_0-last\" class=\"wpforms-field-name-last wpforms-field-required\" name=\"wpforms[fields][0][last]\" placeholder=\"Nom\" required><label for=\"wpforms-855-field_0-last\" class=\"wpforms-field-sublabel after wpforms-sublabel-hide\">Last<\/label><\/div><\/div><\/div><div id=\"wpforms-855-field_1-container\" class=\"wpforms-field wpforms-field-email\" data-field-id=\"1\"><label class=\"wpforms-field-label\" for=\"wpforms-855-field_1\">Adresse courriel <span class=\"wpforms-required-label\">*<\/span><\/label><input type=\"email\" id=\"wpforms-855-field_1\" class=\"wpforms-field-medium wpforms-field-required\" name=\"wpforms[fields][1]\" spellcheck=\"false\" required><\/div><div id=\"wpforms-855-field_8-container\" class=\"wpforms-field wpforms-field-checkbox\" data-field-id=\"8\"><label class=\"wpforms-field-label\">Veuillez s\u00e9lectionner les cases applicables :<\/label><ul id=\"wpforms-855-field_8\"><li class=\"choice-9 depth-1\"><input type=\"checkbox\" id=\"wpforms-855-field_8_9\" name=\"wpforms[fields][8][]\" value=\"J&#039;ai vu votre pr\u00e9sentation sur CapScribe lors de la conf\u00e9rence sur l&#039;accessibilit\u00e9 de Guelph 2021.\"  ><label class=\"wpforms-field-label-inline\" for=\"wpforms-855-field_8_9\">J&#8217;ai vu votre pr\u00e9sentation sur CapScribe lors de la conf\u00e9rence sur l&#8217;accessibilit\u00e9 de Guelph 2021.<\/label><\/li><li class=\"choice-10 depth-1\"><input type=\"checkbox\" id=\"wpforms-855-field_8_10\" name=\"wpforms[fields][8][]\" value=\"J\u2019aimerais tester CapScribe 2 B\u00eata. Je travaille pour une organisation \u00e0 but non lucratif, notamment dans le domaine de l&#039;\u00e9ducation.\"  ><label class=\"wpforms-field-label-inline\" for=\"wpforms-855-field_8_10\">J\u2019aimerais tester CapScribe 2 B\u00eata. Je travaille pour une organisation \u00e0 but non lucratif, notamment dans le domaine de l&#8217;\u00e9ducation.<\/label><\/li><li class=\"choice-2 depth-1\"><input type=\"checkbox\" id=\"wpforms-855-field_8_2\" name=\"wpforms[fields][8][]\" value=\"La version Mac m&#039;int\u00e9resse.\"  ><label class=\"wpforms-field-label-inline\" for=\"wpforms-855-field_8_2\">La version Mac m&#8217;int\u00e9resse.<\/label><\/li><li class=\"choice-7 depth-1\"><input type=\"checkbox\" id=\"wpforms-855-field_8_7\" name=\"wpforms[fields][8][]\" value=\"La version Windows m&#039;int\u00e9resse.\"  ><label class=\"wpforms-field-label-inline\" for=\"wpforms-855-field_8_7\">La version Windows m&#8217;int\u00e9resse.<\/label><\/li><li class=\"choice-3 depth-1\"><input type=\"checkbox\" id=\"wpforms-855-field_8_3\" name=\"wpforms[fields][8][]\" value=\"J\u2019ai cr\u00e9\u00e9 des sous-titres.\"  ><label class=\"wpforms-field-label-inline\" for=\"wpforms-855-field_8_3\">J\u2019ai cr\u00e9\u00e9 des sous-titres.<\/label><\/li><li class=\"choice-1 depth-1\"><input type=\"checkbox\" id=\"wpforms-855-field_8_1\" name=\"wpforms[fields][8][]\" value=\"J\u2019utilise un lecteur d\u2019\u00e9cran ou une autre technologie d\u2019assistance\"  ><label class=\"wpforms-field-label-inline\" for=\"wpforms-855-field_8_1\">J\u2019utilise un lecteur d\u2019\u00e9cran ou une autre technologie d\u2019assistance<\/label><\/li><li class=\"choice-8 depth-1\"><input type=\"checkbox\" id=\"wpforms-855-field_8_8\" name=\"wpforms[fields][8][]\" value=\"Autre chose (je vais pr\u00e9ciser dans le champ de commentaire ci-dessous)\"  ><label class=\"wpforms-field-label-inline\" for=\"wpforms-855-field_8_8\">Autre chose (je vais pr\u00e9ciser dans le champ de commentaire ci-dessous)<\/label><\/li><\/ul><div class=\"wpforms-field-description\">Veuillez s\u00e9lectionner tous les choix applicables ci-dessus.<\/div><\/div><div id=\"wpforms-855-field_2-container\" class=\"wpforms-field wpforms-field-textarea\" data-field-id=\"2\"><label class=\"wpforms-field-label\" for=\"wpforms-855-field_2\">Ce champ sert \u00e0 capter vos commentaires, questions et demandes. Veuillez prendre un moment pour nous parler de vous et de votre int\u00e9r\u00eat pour le sous-titrage.  <span class=\"wpforms-required-label\">*<\/span><\/label><textarea id=\"wpforms-855-field_2\" class=\"wpforms-field-large wpforms-field-required\" name=\"wpforms[fields][2]\" required><\/textarea><div class=\"wpforms-field-description\">2000 caract\u00e8res max.<\/div><\/div><\/div><!-- .wpforms-field-container --><div class=\"wpforms-field wpforms-field-hp\"><label for=\"wpforms-855-field-hp\" class=\"wpforms-field-label\">Email<\/label><input type=\"text\" name=\"wpforms[hp]\" id=\"wpforms-855-field-hp\" class=\"wpforms-field-medium\"><\/div><div class=\"wpforms-submit-container\" ><input type=\"hidden\" name=\"wpforms[id]\" value=\"855\"><input type=\"hidden\" name=\"page_title\" value=\"\"><input type=\"hidden\" name=\"page_url\" value=\"https:\/\/capscribe.ca\/3.0\/wp-json\/wp\/v2\/pages\/851\"><input type=\"hidden\" name=\"url_referer\" value=\"\"><button type=\"submit\" name=\"wpforms[submit]\" id=\"wpforms-submit-855\" class=\"wpforms-submit\" data-alt-text=\"Envoi de votre demande ...\" data-submit-text=\"Soumettre\" aria-live=\"assertive\" value=\"wpforms-submit\">Soumettre<\/button><\/div><\/form><\/div>  <!-- .wpforms-container -->","protected":false},"excerpt":{"rendered":"<div class=\"link-more\"><a href=\"https:\/\/capscribe.ca\/3.0\/fr\/welcome-to-capscribe-2-francais\/contactez-nous\/\" class=\"more-link\">Continue reading<span class=\"screen-reader-text\"> &ldquo;Contactez-nous&rdquo;<\/span>&hellip;<\/a><\/div>\n","protected":false},"author":5,"featured_media":0,"parent":830,"menu_order":3,"comment_status":"closed","ping_status":"closed","template":"","meta":[],"_links":{"self":[{"href":"https:\/\/capscribe.ca\/3.0\/wp-json\/wp\/v2\/pages\/851"}],"collection":[{"href":"https:\/\/capscribe.ca\/3.0\/wp-json\/wp\/v2\/pages"}],"about":[{"href":"https:\/\/capscribe.ca\/3.0\/wp-json\/wp\/v2\/types\/page"}],"author":[{"embeddable":true,"href":"https:\/\/capscribe.ca\/3.0\/wp-json\/wp\/v2\/users\/5"}],"replies":[{"embeddable":true,"href":"https:\/\/capscribe.ca\/3.0\/wp-json\/wp\/v2\/comments?post=851"}],"version-history":[{"count":3,"href":"https:\/\/capscribe.ca\/3.0\/wp-json\/wp\/v2\/pages\/851\/revisions"}],"predecessor-version":[{"id":856,"href":"https:\/\/capscribe.ca\/3.0\/wp-json\/wp\/v2\/pages\/851\/revisions\/856"}],"up":[{"embeddable":true,"href":"https:\/\/capscribe.ca\/3.0\/wp-json\/wp\/v2\/pages\/830"}],"wp:attachment":[{"href":"https:\/\/capscribe.ca\/3.0\/wp-json\/wp\/v2\/media?parent=851"}],"curies":[{"name":"wp","href":"https:\/\/api.w.org\/{rel}","templated":true}]}}